{"id":275,"date":"2023-01-25T23:59:54","date_gmt":"2023-01-25T23:59:54","guid":{"rendered":"https:\/\/policintas.com\/?page_id=275"},"modified":"2024-07-08T23:53:29","modified_gmt":"2024-07-08T23:53:29","slug":"certificados","status":"publish","type":"page","link":"https:\/\/policintas.com\/en\/home\/certificados\/","title":{"rendered":"Certificates"},"content":{"rendered":"<p>In Policintas, S.A. We are committed to maintaining our strictest quality standards, which is why we submit to be certified based on scientific data and global laws of the textile industry. Trust and transparency are vital to us and our clients.<\/p>\n<p>We integrate into sustainable sourcing programs, in environmental, social and governance (ESG) strategies. Guaranteeing safer products with the responsible use of chemical products for the protection of our workers and customers.<\/p>","protected":false},"excerpt":{"rendered":"<p>En Policintas, S.A. tenemos el compromiso de mantener nuestros est\u00e1ndares m\u00e1s estrictos de calidad, por lo que nos sometemos a ser certificados basados en datos cient\u00edficos y en las leyes globales de la industria textil. La confianza y la transparencia son vitales para nosotros y nuestros clientes. Nos integramos a programas de abastecimiento sostenible, en <a href=\"https:\/\/policintas.com\/en\/home\/certificados\/\" class=\"more-link\">&#8230;<span class=\"screen-reader-text\">  Certificates<\/span><\/a><\/p>","protected":false},"author":2,"featured_media":304,"parent":10,"menu_order":0,"comment_status":"closed","ping_status":"closed","template":"","meta":{"_acf_changed":false,"footnotes":""},"class_list":["post-275","page","type-page","status-publish","has-post-thumbnail","hentry"],"acf":[],"_links":{"self":[{"href":"https:\/\/policintas.com\/en\/wp-json\/wp\/v2\/pages\/275","targetHints":{"allow":["GET"]}}],"collection":[{"href":"https:\/\/policintas.com\/en\/wp-json\/wp\/v2\/pages"}],"about":[{"href":"https:\/\/policintas.com\/en\/wp-json\/wp\/v2\/types\/page"}],"author":[{"embeddable":true,"href":"https:\/\/policintas.com\/en\/wp-json\/wp\/v2\/users\/2"}],"replies":[{"embeddable":true,"href":"https:\/\/policintas.com\/en\/wp-json\/wp\/v2\/comments?post=275"}],"version-history":[{"count":3,"href":"https:\/\/policintas.com\/en\/wp-json\/wp\/v2\/pages\/275\/revisions"}],"predecessor-version":[{"id":282,"href":"https:\/\/policintas.com\/en\/wp-json\/wp\/v2\/pages\/275\/revisions\/282"}],"up":[{"embeddable":true,"href":"https:\/\/policintas.com\/en\/wp-json\/wp\/v2\/pages\/10"}],"wp:featuredmedia":[{"embeddable":true,"href":"https:\/\/policintas.com\/en\/wp-json\/wp\/v2\/media\/304"}],"wp:attachment":[{"href":"https:\/\/policintas.com\/en\/wp-json\/wp\/v2\/media?parent=275"}],"curies":[{"name":"wp","href":"https:\/\/api.w.org\/{rel}","templated":true}]}}